{"id":16,"date":"2024-01-05T19:00:58","date_gmt":"2024-01-05T19:00:58","guid":{"rendered":"https:\/\/zarco.pt\/site\/faq\/"},"modified":"2024-07-17T09:46:27","modified_gmt":"2024-07-17T08:46:27","slug":"faq","status":"publish","type":"page","link":"https:\/\/zarco.pt\/site\/faq\/","title":{"rendered":"FAQ"},"content":{"rendered":"\n<div class=\"wp-block-group alignfull has-background-background-color has-background is-layout-constrained wp-container-core-group-is-layout-93bc45c0 wp-block-group-is-layout-constrained\" style=\"margin-top:0;margin-bottom:0;padding-top:0;padding-right:0;padding-left:0\">\n<div class=\"wp-block-cover alignfull ext-import\" style=\"padding-top:0;padding-right:var(--wp--preset--spacing--30);padding-bottom:0;padding-left:var(--wp--preset--spacing--30);min-height:50px;aspect-ratio:unset;\"><span aria-hidden=\"true\" class=\"wp-block-cover__background has-black-background-color has-background-dim-60 has-background-dim\"><\/span><img loading=\"lazy\" decoding=\"async\" width=\"1024\" height=\"681\" class=\"wp-block-cover__image-background wp-image-427\" alt=\"\" src=\"https:\/\/zarco.pt\/site\/wp-content\/uploads\/2024\/01\/7.jpg\" style=\"object-position:45% 41%\" data-object-fit=\"cover\" data-object-position=\"45% 41%\" srcset=\"https:\/\/zarco.pt\/site\/wp-content\/uploads\/2024\/01\/7.jpg 1024w, https:\/\/zarco.pt\/site\/wp-content\/uploads\/2024\/01\/7-300x200.jpg 300w, https:\/\/zarco.pt\/site\/wp-content\/uploads\/2024\/01\/7-768x511.jpg 768w, https:\/\/zarco.pt\/site\/wp-content\/uploads\/2024\/01\/7-100x67.jpg 100w, https:\/\/zarco.pt\/site\/wp-content\/uploads\/2024\/01\/7-150x100.jpg 150w, https:\/\/zarco.pt\/site\/wp-content\/uploads\/2024\/01\/7-200x133.jpg 200w, https:\/\/zarco.pt\/site\/wp-content\/uploads\/2024\/01\/7-450x299.jpg 450w, https:\/\/zarco.pt\/site\/wp-content\/uploads\/2024\/01\/7-600x399.jpg 600w, https:\/\/zarco.pt\/site\/wp-content\/uploads\/2024\/01\/7-900x599.jpg 900w\" sizes=\"auto, (max-width: 1024px) 100vw, 1024px\" \/><div class=\"wp-block-cover__inner-container is-layout-flow wp-block-cover-is-layout-flow\">\n<div class=\"wp-block-group is-layout-constrained wp-block-group-is-layout-constrained\" style=\"padding-top:var(--wp--preset--spacing--60);padding-bottom:var(--wp--preset--spacing--60)\">\n<div class=\"wp-block-group alignwide is-content-justification-center is-layout-constrained wp-block-group-is-layout-constrained\">\n<h1 class=\"wp-block-heading has-text-align-center has-text-color has-x-large-font-size\" style=\"color:#fffffffc\">Perguntas Frequentes<\/h1>\n\n\n\n<p class=\"has-text-align-center has-text-color\" style=\"color:#fffffffc;margin-top:16px\">D\u00favidas comuns: encontre aqui as respostas para suas perguntas mais frequentes.<\/p>\n<\/div>\n<\/div>\n<\/div><\/div>\n<\/div>\n\n\n\n<div class=\"wp-block-group alignfull has-background-background-color has-background is-layout-constrained wp-container-core-group-is-layout-392eb801 wp-block-group-is-layout-constrained\" style=\"margin-top:0;margin-bottom:0;padding-top:var(--wp--preset--spacing--60);padding-right:var(--wp--preset--spacing--30);padding-bottom:var(--wp--preset--spacing--60);padding-left:var(--wp--preset--spacing--30)\">\n<div class=\"wp-block-group alignwide is-content-justification-center is-layout-constrained wp-block-group-is-layout-constrained\" style=\"margin-bottom:var(--wp--preset--spacing--30)\">\n<h3 class=\"wp-block-heading has-text-align-center\" style=\"margin-top:12px\">Tem alguma quest\u00e3o a colocar? Confira nossas perguntas mais frequentes.<\/h3>\n\n\n\n<p class=\"has-text-align-center\" style=\"margin-top:16px\">Aqui est\u00e3o algumas das perguntas mais comuns que recebemos. Se n\u00e3o encontrar a resposta que procura, entre em contacto connosco.<\/p>\n<\/div>\n\n\n\n<div class=\"wp-block-group is-layout-constrained wp-block-group-is-layout-constrained\" style=\"border-bottom-color:var(--wp--preset--color--tertiary);border-bottom-width:1px;margin-top:0;padding-top:var(--wp--preset--spacing--30);padding-bottom:var(--wp--preset--spacing--30)\">\n<h4 class=\"wp-block-heading has-medium-font-size\">Como posso aceder ao Hor\u00e1rio do meu educando?<\/h4>\n\n\n\n<p class=\"has-small-font-size\" style=\"margin-top:12px\">O hor\u00e1rio pode ser consultado na aplica\u00e7\u00e3o Inovar Consulta.<\/p>\n<\/div>\n\n\n\n<div class=\"wp-block-group is-layout-constrained wp-block-group-is-layout-constrained\" style=\"border-bottom-color:var(--wp--preset--color--tertiary);border-bottom-width:1px;margin-top:0;padding-top:var(--wp--preset--spacing--30);padding-bottom:var(--wp--preset--spacing--30)\">\n<h4 class=\"wp-block-heading has-medium-font-size\">Quais s\u00e3o as atividades extracurriculares dispon\u00edveis?<\/h4>\n\n\n\n<p class=\"has-small-font-size\" style=\"margin-top:12px\">Oferecemos uma diversidade de atividades extracurriculares para que os alunos possam explorar seus interesses e talentos fora da sala de aula. Alguns exemplos de atividades dispon\u00edveis incluem \u00e1reas de m\u00fasica, teatro, desporto e oficinas pedag\u00f3gicas. Acreditamos que a participa\u00e7\u00e3o em atividades extracurriculares \u00e9 fundamental para o desenvolvimento integral do aluno.<\/p>\n<\/div>\n\n\n\n<div class=\"wp-block-group alignwide has-tertiary-background-color has-background is-content-justification-center is-layout-constrained wp-container-core-group-is-layout-12a4aa27 wp-block-group-is-layout-constrained\" style=\"margin-top:var(--wp--preset--spacing--60);margin-bottom:var(--wp--preset--spacing--60);padding-top:var(--wp--preset--spacing--40);padding-right:var(--wp--preset--spacing--30);padding-bottom:var(--wp--preset--spacing--40);padding-left:var(--wp--preset--spacing--30)\">\n<h3 class=\"wp-block-heading has-text-align-center\" style=\"margin-top:12px\">Fale connosco<\/h3>\n\n\n\n<p class=\"has-text-align-center\" style=\"margin-top:16px\">Escola Secund\u00e1ria Jo\u00e3o Gon\u00e7alves Zarco<\/p>\n\n\n\n<div class=\"wp-block-buttons is-content-justification-center is-layout-flex wp-container-core-buttons-is-layout-16018d1d wp-block-buttons-is-layout-flex\">\n<div class=\"wp-block-button is-style-fill\"><a class=\"wp-block-button__link wp-element-button\" href=\"https:\/\/zarco.pt\/site\/contacto\/\">Contacte-nos<\/a><\/div>\n<\/div>\n<\/div>\n<\/div>\n","protected":false},"excerpt":{"rendered":"<p>Tem alguma quest\u00e3o a colocar? Confira nossas perguntas mais frequentes. Aqui est\u00e3o algumas das perguntas mais comuns que recebemos. Se n\u00e3o encontrar a resposta que procura, entre em contacto connosco. Como posso aceder ao Hor\u00e1rio do meu educando? O hor\u00e1rio &hellip;<\/p>\n<p class=\"read-more\"> <a class=\"more-link\" href=\"https:\/\/zarco.pt\/site\/faq\/\"> <span class=\"screen-reader-text\">FAQ<\/span> Read More &raquo;<\/a><\/p>\n","protected":false},"author":1,"featured_media":0,"parent":0,"menu_order":0,"comment_status":"closed","ping_status":"closed","template":"","meta":{"footnotes":""},"class_list":["post-16","page","type-page","status-publish","hentry"],"aioseo_notices":[],"featured_image_src":"","featured_image_src_square":false,"rbea_author_info":{"display_name":"admin","author_link":"https:\/\/zarco.pt\/site\/author\/admin_zarco\/"},"rbea_excerpt_info":"Tem alguma quest\u00e3o a colocar? Confira nossas perguntas mais frequentes. Aqui est\u00e3o algumas das perguntas mais comuns que recebemos. Se n\u00e3o encontrar a resposta que procura, entre em contacto connosco. Como posso aceder ao Hor\u00e1rio do meu educando? O hor\u00e1rio &hellip;<p class=\"read-more\"> <a class=\"more-link\" href=\"https:\/\/zarco.pt\/site\/faq\/\"> <span class=\"screen-reader-text\">FAQ<\/span> Read More &raquo;<\/a><\/p>","publishpress_future_action":{"enabled":false,"date":"2026-04-11 17:33:54","action":"change-status","newStatus":"draft","terms":[],"taxonomy":"","extraData":[]},"publishpress_future_workflow_manual_trigger":{"enabledWorkflows":[]},"_links":{"self":[{"href":"https:\/\/zarco.pt\/site\/wp-json\/wp\/v2\/pages\/16","targetHints":{"allow":["GET"]}}],"collection":[{"href":"https:\/\/zarco.pt\/site\/wp-json\/wp\/v2\/pages"}],"about":[{"href":"https:\/\/zarco.pt\/site\/wp-json\/wp\/v2\/types\/page"}],"author":[{"embeddable":true,"href":"https:\/\/zarco.pt\/site\/wp-json\/wp\/v2\/users\/1"}],"replies":[{"embeddable":true,"href":"https:\/\/zarco.pt\/site\/wp-json\/wp\/v2\/comments?post=16"}],"version-history":[{"count":0,"href":"https:\/\/zarco.pt\/site\/wp-json\/wp\/v2\/pages\/16\/revisions"}],"wp:attachment":[{"href":"https:\/\/zarco.pt\/site\/wp-json\/wp\/v2\/media?parent=16"}],"curies":[{"name":"wp","href":"https:\/\/api.w.org\/{rel}","templated":true}]}}