{"id":523,"date":"2024-01-31T11:13:04","date_gmt":"2024-01-31T11:13:04","guid":{"rendered":"https:\/\/zarco.pt\/site\/?page_id=523"},"modified":"2025-09-23T18:57:05","modified_gmt":"2025-09-23T18:57:05","slug":"secretaria","status":"publish","type":"page","link":"https:\/\/zarco.pt\/site\/secretaria\/","title":{"rendered":"Secretaria"},"content":{"rendered":"\n<p class=\"has-text-align-center has-large-font-size\"><strong>Hor\u00e1rio de Atendimento ao P\u00fablico<\/strong><\/p>\n\n\n\n<figure class=\"wp-block-table aligncenter\"><table class=\"has-fixed-layout\"><tbody><tr><td class=\"has-text-align-center\" data-align=\"center\"><em>Segunda<\/em><\/td><td class=\"has-text-align-center\" data-align=\"center\"><em>Ter\u00e7a<\/em><\/td><td class=\"has-text-align-center\" data-align=\"center\">  <em>        Quarta          <\/em><\/td><td class=\"has-text-align-center\" data-align=\"center\"><em>Quinta<\/em><\/td><td class=\"has-text-align-center\" data-align=\"center\"><em>Sexta<\/em><\/td><\/tr><tr><td class=\"has-text-align-center\" data-align=\"center\">09h00-16h00<\/td><td class=\"has-text-align-center\" data-align=\"center\">09h00-16h00<\/td><td class=\"has-text-align-center\" data-align=\"center\">09h00-14h00<\/td><td class=\"has-text-align-center\" data-align=\"center\">09h00-16h00<\/td><td class=\"has-text-align-center\" data-align=\"center\">09h00-16h00<\/td><\/tr><\/tbody><\/table><\/figure>\n\n\n\n<div class=\"wp-block-responsive-block-editor-addons-divider responsive-block-editor-addons-block-spacer responsive-block-editor-addons-block-divider block-01d64ead-4698-46dd-adc4-abd268f5ae18 solid responsive-block-editor-addons-spacer-divider\"><div class=\"responsive-block-editor-addons-divider-inner\"><div class=\"responsive-block-editor-addons-divider-content\"><hr class=\"responsive-block-editor-addons-divider_hr\"\/><\/div><\/div><\/div>\n\n\n\n<div class=\"wp-block-group alignfull has-background-background-color has-background is-layout-constrained wp-container-core-group-is-layout-cad32e20 wp-block-group-is-layout-constrained\" style=\"margin-top:0;margin-bottom:0;padding-top:var(--wp--preset--spacing--60);padding-right:var(--wp--preset--spacing--30);padding-bottom:var(--wp--preset--spacing--60);padding-left:var(--wp--preset--spacing--30)\">\n<div class=\"wp-block-columns alignwide is-layout-flex wp-container-core-columns-is-layout-057de54d wp-block-columns-is-layout-flex\" style=\"margin-top:var(--wp--preset--spacing--50)\">\n<div class=\"wp-block-column has-tertiary-background-color has-background is-layout-flow wp-block-column-is-layout-flow\">\n<div class=\"wp-block-group is-layout-constrained wp-container-core-group-is-layout-a93d0d1d wp-block-group-is-layout-constrained\" style=\"padding-top:var(--wp--preset--spacing--40);padding-right:var(--wp--preset--spacing--30);padding-bottom:var(--wp--preset--spacing--40);padding-left:var(--wp--preset--spacing--30)\">\n<h3 class=\"wp-block-heading has-text-align-left\" id=\"1-reg-de-taxas-emolumentos-e-propinas-\" style=\"margin-top:16px;font-size:20px\">Reg. de Taxas, Emolumentos e Propinas <\/h3>\n\n\n\n<p class=\"has-small-font-size\" style=\"margin-top:var(--wp--preset--spacing--40)\">Servi\u00e7os Administrativos<\/p>\n\n\n\n<div class=\"wp-block-buttons is-layout-flex wp-block-buttons-is-layout-flex\" style=\"margin-top:var(--wp--preset--spacing--40)\">\n<div class=\"wp-block-button has-custom-width wp-block-button__width-100\"><a class=\"wp-block-button__link wp-element-button\" href=\"https:\/\/drive.google.com\/file\/d\/1KoypnMRTciMBeP8Hao_Hn5Sh4xyYoyvd\/view\" target=\"_blank\" rel=\"noreferrer noopener\">Consultar<\/a><\/div>\n<\/div>\n<\/div>\n<\/div>\n\n\n\n<div class=\"wp-block-column has-tertiary-background-color has-background is-layout-flow wp-block-column-is-layout-flow\">\n<div class=\"wp-block-group is-layout-constrained wp-container-core-group-is-layout-a93d0d1d wp-block-group-is-layout-constrained\" style=\"padding-top:var(--wp--preset--spacing--40);padding-right:var(--wp--preset--spacing--30);padding-bottom:var(--wp--preset--spacing--40);padding-left:var(--wp--preset--spacing--30)\">\n<h3 class=\"wp-block-heading has-text-align-left\" id=\"2-req-para-pedido-de-documentos\" style=\"margin-top:16px;font-size:20px\">Req. para Pedido de Documentos<\/h3>\n\n\n\n<p class=\"has-small-font-size\" style=\"margin-top:var(--wp--preset--spacing--40)\">Servi\u00e7os Administrativos<\/p>\n\n\n\n<div class=\"wp-block-buttons is-layout-flex wp-block-buttons-is-layout-flex\" style=\"margin-top:var(--wp--preset--spacing--40)\">\n<div class=\"wp-block-button has-custom-width wp-block-button__width-100\"><a class=\"wp-block-button__link wp-element-button\" href=\"https:\/\/docs.google.com\/forms\/d\/e\/1FAIpQLSczUKTgJqEicCMo_-dxdRz-G785Jf3Le_Y1kRaHefDac1SKFA\/viewform?embedded=true\" target=\"_blank\" rel=\"noreferrer noopener\">Consultar<\/a><\/div>\n<\/div>\n<\/div>\n<\/div>\n<\/div>\n<\/div>\n","protected":false},"excerpt":{"rendered":"<p>Hor\u00e1rio de Atendimento ao P\u00fablico Segunda Ter\u00e7a Quarta Quinta Sexta 09h00-16h00 09h00-16h00 09h00-14h00 09h00-16h00 09h00-16h00 Reg. de Taxas, Emolumentos e Propinas Servi\u00e7os Administrativos Req. para Pedido de Documentos Servi\u00e7os Administrativos<\/p>\n","protected":false},"author":1,"featured_media":0,"parent":0,"menu_order":0,"comment_status":"closed","ping_status":"closed","template":"","meta":{"om_disable_all_campaigns":false,"_monsterinsights_skip_tracking":false,"_monsterinsights_sitenote_active":false,"_monsterinsights_sitenote_note":"","_monsterinsights_sitenote_category":0,"footnotes":""},"class_list":["post-523","page","type-page","status-publish","hentry"],"aioseo_notices":[],"featured_image_src":"","featured_image_src_square":false,"rbea_author_info":{"display_name":"admin","author_link":"https:\/\/zarco.pt\/site\/author\/admin_zarco\/"},"rbea_excerpt_info":"Hor\u00e1rio de Atendimento ao P\u00fablico Segunda Ter\u00e7a Quarta Quinta Sexta 09h00-16h00 09h00-16h00 09h00-14h00 09h00-16h00 09h00-16h00 Reg. de Taxas, Emolumentos e Propinas Servi\u00e7os Administrativos Req. para Pedido de Documentos Servi\u00e7os Administrativos","publishpress_future_action":{"enabled":false,"date":"2026-05-01 18:17:15","action":"change-status","newStatus":"draft","terms":[],"taxonomy":"","extraData":[]},"publishpress_future_workflow_manual_trigger":{"enabledWorkflows":[]},"_links":{"self":[{"href":"https:\/\/zarco.pt\/site\/wp-json\/wp\/v2\/pages\/523","targetHints":{"allow":["GET"]}}],"collection":[{"href":"https:\/\/zarco.pt\/site\/wp-json\/wp\/v2\/pages"}],"about":[{"href":"https:\/\/zarco.pt\/site\/wp-json\/wp\/v2\/types\/page"}],"author":[{"embeddable":true,"href":"https:\/\/zarco.pt\/site\/wp-json\/wp\/v2\/users\/1"}],"replies":[{"embeddable":true,"href":"https:\/\/zarco.pt\/site\/wp-json\/wp\/v2\/comments?post=523"}],"version-history":[{"count":1,"href":"https:\/\/zarco.pt\/site\/wp-json\/wp\/v2\/pages\/523\/revisions"}],"predecessor-version":[{"id":1116,"href":"https:\/\/zarco.pt\/site\/wp-json\/wp\/v2\/pages\/523\/revisions\/1116"}],"wp:attachment":[{"href":"https:\/\/zarco.pt\/site\/wp-json\/wp\/v2\/media?parent=523"}],"curies":[{"name":"wp","href":"https:\/\/api.w.org\/{rel}","templated":true}]}}