{"id":656,"date":"2024-03-01T17:36:10","date_gmt":"2024-03-01T17:36:10","guid":{"rendered":"https:\/\/zarco.pt\/site\/?page_id=656"},"modified":"2024-07-17T10:11:09","modified_gmt":"2024-07-17T09:11:09","slug":"polprivacidade","status":"publish","type":"page","link":"https:\/\/zarco.pt\/site\/polprivacidade\/","title":{"rendered":"polprivacidade"},"content":{"rendered":"\n<h2 class=\"wp-block-heading\">Pol\u00edtica de Prote\u00e7\u00e3o de Dados Pessoais<\/h2>\n\n\n\n<p class=\"wp-block-gdm-google-drive-embedder-viewer\"><iframe loading=\"lazy\" frameborder=\"0\" src=\"https:\/\/drive.google.com\/file\/d\/1EeUJurKFMC0BVEZTYrGSG13QpfCWOYw4\/preview?usp=drivesdk\" width=\"100%\" height=\"1150\" style=\"border:0;max-width:100%\" scrolling=\"yes\"><\/iframe><\/p>\n\n\n\n<h2 class=\"wp-block-heading\">Pol\u00edtica de Privacidade para o Website\/Mail<\/h2>\n\n\n\n<p class=\"wp-block-gdm-google-drive-embedder-viewer\"><iframe loading=\"lazy\" frameborder=\"0\" src=\"https:\/\/drive.google.com\/file\/d\/1EeTlj_t2TejH83Pf3t_hi-U8bB3HvTXB\/preview?usp=drivesdk\" width=\"100%\" height=\"1150\" style=\"border:0;max-width:100%\" scrolling=\"yes\"><\/iframe><\/p>\n\n\n\n<h2 class=\"wp-block-heading\">Encarregado de Prote\u00e7\u00e3o de Dados<\/h2>\n\n\n\n<p class=\"wp-block-gdm-google-drive-embedder-viewer\"><iframe loading=\"lazy\" frameborder=\"0\" src=\"https:\/\/drive.google.com\/file\/d\/1EfgjWHpqc1vpqQnUPV65t4RcNLVjLPnk\/preview?usp=drivesdk\" width=\"100%\" height=\"1150\" style=\"border:0;max-width:100%\" scrolling=\"yes\"><\/iframe><\/p>\n","protected":false},"excerpt":{"rendered":"<p>Pol\u00edtica de Prote\u00e7\u00e3o de Dados Pessoais Pol\u00edtica de Privacidade para o Website\/Mail Encarregado de Prote\u00e7\u00e3o de Dados<\/p>\n","protected":false},"author":1,"featured_media":0,"parent":0,"menu_order":0,"comment_status":"closed","ping_status":"closed","template":"","meta":{"footnotes":""},"class_list":["post-656","page","type-page","status-publish","hentry"],"aioseo_notices":[],"featured_image_src":"","featured_image_src_square":false,"rbea_author_info":{"display_name":"admin","author_link":"https:\/\/zarco.pt\/site\/author\/admin_zarco\/"},"rbea_excerpt_info":"Pol\u00edtica de Prote\u00e7\u00e3o de Dados Pessoais Pol\u00edtica de Privacidade para o Website\/Mail Encarregado de Prote\u00e7\u00e3o de Dados","publishpress_future_action":{"enabled":false,"date":"2026-04-17 09:26:08","action":"change-status","newStatus":"draft","terms":[],"taxonomy":"","extraData":[]},"publishpress_future_workflow_manual_trigger":{"enabledWorkflows":[]},"_links":{"self":[{"href":"https:\/\/zarco.pt\/site\/wp-json\/wp\/v2\/pages\/656","targetHints":{"allow":["GET"]}}],"collection":[{"href":"https:\/\/zarco.pt\/site\/wp-json\/wp\/v2\/pages"}],"about":[{"href":"https:\/\/zarco.pt\/site\/wp-json\/wp\/v2\/types\/page"}],"author":[{"embeddable":true,"href":"https:\/\/zarco.pt\/site\/wp-json\/wp\/v2\/users\/1"}],"replies":[{"embeddable":true,"href":"https:\/\/zarco.pt\/site\/wp-json\/wp\/v2\/comments?post=656"}],"version-history":[{"count":0,"href":"https:\/\/zarco.pt\/site\/wp-json\/wp\/v2\/pages\/656\/revisions"}],"wp:attachment":[{"href":"https:\/\/zarco.pt\/site\/wp-json\/wp\/v2\/media?parent=656"}],"curies":[{"name":"wp","href":"https:\/\/api.w.org\/{rel}","templated":true}]}}