{"id":889,"date":"2025-02-13T08:52:42","date_gmt":"2025-02-13T08:52:42","guid":{"rendered":"https:\/\/zarco.pt\/site\/?page_id=889"},"modified":"2025-02-15T10:40:50","modified_gmt":"2025-02-15T10:40:50","slug":"ppric","status":"publish","type":"page","link":"https:\/\/zarco.pt\/site\/ppric\/","title":{"rendered":"PPRIC"},"content":{"rendered":"\n<p><strong>PREVEN\u00c7\u00c3O DE RISCOS DE CORRUP\u00c7\u00c3O<\/strong><\/p>\n\n\n\n<div class=\"wp-block-responsive-block-editor-addons-tabs responsive-block-editor-addons-block-tabs block-0b43bc3d-ec36-4ec7-8ac0-c0c306c89649 responsive-block-editor-addons-tabs__wrap responsive-block-editor-addons-tabs__hstyle3-desktop responsive-block-editor-addons-hstyle3-left\" data-tab-active=\"0\"><ul class=\"responsive-block-editor-addons-tabs__panel responsive-block-editor-addons-tabs__align-left\"><li class=\"responsive-block-editor-addons-tab responsive-block-editor-addons-tabs__active\"><a href=\"#responsive-block-editor-addons-tabs__tab0\" class=\"responsive-block-editor-addons-tabs-list\" data-tab=\"0\"><span>PLANO<\/span><\/a><\/li><li class=\"responsive-block-editor-addons-tab \"><a href=\"#responsive-block-editor-addons-tabs__tab1\" class=\"responsive-block-editor-addons-tabs-list\" data-tab=\"1\"><span>CONDUTA<\/span><\/a><\/li><li class=\"responsive-block-editor-addons-tab \"><a href=\"#responsive-block-editor-addons-tabs__tab2\" class=\"responsive-block-editor-addons-tabs-list\" data-tab=\"2\"><span>DEN\u00daNCIA<\/span><\/a><\/li><\/ul><div class=\"responsive-block-editor-addons-tabs__body-wrap\">\n<div class=\"responsive-block-editor-addons-tabs__body-container responsive-block-editor-addons-tabs__inner-tab responsive-block-editor-addons-inner-tab-0\"><div class=\"wp-block-responsive-block-editor-addons-tabs-child responsive-block-editor-addons-block-tabs-child block-cb3fc401-f046-4603-aee3-7b228fe633aa responsive-block-editor-addons-tabs__body\" aria-labelledby=\"responsive-block-editor-addons-tabs__tab0\">\n<p class=\"wp-block-gdm-google-drive-embedder-viewer\"><iframe loading=\"lazy\" frameborder=\"0\" src=\"https:\/\/drive.google.com\/file\/d\/1-5Uxn3kU7W2mzeiP3W-qpBxoKgR1FBaz\/preview?usp=drivesdk\" width=\"100%\" height=\"1000\" style=\"border:0;max-width:100%\" scrolling=\"yes\"><\/iframe><\/p>\n<\/div><\/div>\n\n\n\n<div class=\"responsive-block-editor-addons-tabs__body-container responsive-block-editor-addons-tabs__inner-tab responsive-block-editor-addons-inner-tab-1\"><div class=\"wp-block-responsive-block-editor-addons-tabs-child responsive-block-editor-addons-block-tabs-child block-98521e53-75cf-4d1a-a109-debcc2cd857a responsive-block-editor-addons-tabs__body\" aria-labelledby=\"responsive-block-editor-addons-tabs__tab1\">\n<p class=\"wp-block-gdm-google-drive-embedder-viewer\"><iframe loading=\"lazy\" frameborder=\"0\" src=\"https:\/\/drive.google.com\/file\/d\/1-CQh4iia5NpmOk12O-bDZhfD3ed19bxf\/preview?usp=drivesdk\" width=\"100%\" height=\"1000\" style=\"border:0;max-width:100%\" scrolling=\"yes\"><\/iframe><\/p>\n<\/div><\/div>\n\n\n\n<div class=\"responsive-block-editor-addons-tabs__body-container responsive-block-editor-addons-tabs__inner-tab responsive-block-editor-addons-inner-tab-2\"><div class=\"wp-block-responsive-block-editor-addons-tabs-child responsive-block-editor-addons-block-tabs-child block-46f8b2f0-7ba0-4ac0-9490-f8140087fac9 responsive-block-editor-addons-tabs__body\" aria-labelledby=\"responsive-block-editor-addons-tabs__tab2\">\n<iframe loading=\"lazy\" src=\"https:\/\/docs.google.com\/forms\/d\/e\/1FAIpQLSeH9Fy9qKSXohVp4bjKpC0XUri8BMJITAOU09K_eXCJnJKJLw\/viewform?embedded=true\" width=\"640\" height=\"4206\" frameborder=\"0\" marginheight=\"0\" marginwidth=\"0\">A carregar\u2026<\/iframe>\n<\/div><\/div>\n\n\n\n<div class=\"responsive-block-editor-addons-tabs__body-container responsive-block-editor-addons-tabs__inner-tab responsive-block-editor-addons-inner-tab-3\"><div class=\"wp-block-responsive-block-editor-addons-tabs-child responsive-block-editor-addons-block-tabs-child block-b2f414ea-b05f-4158-a018-cabe9d05a296 responsive-block-editor-addons-tabs__body\" aria-labelledby=\"responsive-block-editor-addons-tabs__tab3\">\n<p><\/p>\n<\/div><\/div>\n<\/div><\/div>\n","protected":false},"excerpt":{"rendered":"<p>PREVEN\u00c7\u00c3O DE RISCOS DE CORRUP\u00c7\u00c3O<\/p>\n","protected":false},"author":1,"featured_media":0,"parent":0,"menu_order":0,"comment_status":"closed","ping_status":"closed","template":"","meta":{"om_disable_all_campaigns":false,"_monsterinsights_skip_tracking":false,"_monsterinsights_sitenote_active":false,"_monsterinsights_sitenote_note":"","_monsterinsights_sitenote_category":0,"footnotes":""},"class_list":["post-889","page","type-page","status-publish","hentry"],"aioseo_notices":[],"featured_image_src":"","featured_image_src_square":false,"rbea_author_info":{"display_name":"admin","author_link":"https:\/\/zarco.pt\/site\/author\/admin_zarco\/"},"rbea_excerpt_info":"PREVEN\u00c7\u00c3O DE RISCOS DE CORRUP\u00c7\u00c3O","publishpress_future_action":{"enabled":false,"date":"2026-05-01 18:03:34","action":"change-status","newStatus":"draft","terms":[],"taxonomy":"","extraData":[]},"publishpress_future_workflow_manual_trigger":{"enabledWorkflows":[]},"_links":{"self":[{"href":"https:\/\/zarco.pt\/site\/wp-json\/wp\/v2\/pages\/889","targetHints":{"allow":["GET"]}}],"collection":[{"href":"https:\/\/zarco.pt\/site\/wp-json\/wp\/v2\/pages"}],"about":[{"href":"https:\/\/zarco.pt\/site\/wp-json\/wp\/v2\/types\/page"}],"author":[{"embeddable":true,"href":"https:\/\/zarco.pt\/site\/wp-json\/wp\/v2\/users\/1"}],"replies":[{"embeddable":true,"href":"https:\/\/zarco.pt\/site\/wp-json\/wp\/v2\/comments?post=889"}],"version-history":[{"count":0,"href":"https:\/\/zarco.pt\/site\/wp-json\/wp\/v2\/pages\/889\/revisions"}],"wp:attachment":[{"href":"https:\/\/zarco.pt\/site\/wp-json\/wp\/v2\/media?parent=889"}],"curies":[{"name":"wp","href":"https:\/\/api.w.org\/{rel}","templated":true}]}}